{"id":389,"date":"2025-09-22T06:28:23","date_gmt":"2025-09-22T06:28:23","guid":{"rendered":"https:\/\/gruyere-habits.ch\/?post_type=product&#038;p=389"},"modified":"2026-04-08T07:40:24","modified_gmt":"2026-04-08T07:40:24","slug":"yellow-softshell-jacket","status":"publish","type":"product","link":"https:\/\/gruyere-habits.ch\/en\/product\/yellow-softshell-jacket\/","title":{"rendered":"Yellow softshell jacket"},"content":{"rendered":"<p>We recommend that you order one size larger than your usual size for this product.<\/p>","protected":false},"excerpt":{"rendered":"<p data-pm-slice=\"0 0 []\">Yellow softshell jacket with Le Gruy\u00e8re AOP logo on the front and back, and Swiss flag on the right sleeve, made in Europe.<\/p>","protected":false},"featured_media":978,"comment_status":"open","ping_status":"closed","template":"","meta":[],"product_brand":[],"product_cat":[15,20,42],"product_tag":[],"class_list":{"0":"post-389","1":"product","2":"type-product","3":"status-publish","4":"has-post-thumbnail","6":"product_cat-non-classe","7":"product_cat-articles","8":"product_cat-veste","10":"first","11":"instock","12":"taxable","13":"shipping-taxable","14":"purchasable","15":"product-type-variable","16":"has-default-attributes","17":"product-type-zakeke","18":"product-type-external"},"yoast_head":"<!-- This site is optimized with the Yoast SEO plugin v26.9 - https:\/\/yoast.com\/product\/yoast-seo-wordpress\/ -->\n<title>Veste softshell jaune - Gruy\u00e8re Shop Textile<\/title>\n<meta name=\"robots\" content=\"index, follow, max-snippet:-1, max-image-preview:large, max-video-preview:-1\" \/>\n<link rel=\"canonical\" href=\"https:\/\/gruyere-habits.ch\/en\/product\/yellow-softshell-jacket\/\" \/>\n<meta property=\"og:locale\" content=\"en_US\" \/>\n<meta property=\"og:type\" content=\"article\" \/>\n<meta property=\"og:title\" content=\"Veste softshell jaune - Gruy\u00e8re Shop Textile\" \/>\n<meta property=\"og:description\" content=\"Veste softshell jaune avec logo Le Gruy\u00e8re AOP \u00e0 l\u2019avant et \u00e0 l\u2019arri\u00e8re, ainsi que le drapeau suisse sur la manche droite, article fabriqu\u00e9 en Europe.\" \/>\n<meta property=\"og:url\" content=\"https:\/\/gruyere-habits.ch\/en\/product\/yellow-softshell-jacket\/\" \/>\n<meta property=\"og:site_name\" content=\"Gruy\u00e8re Shop Textile\" \/>\n<meta property=\"article:modified_time\" content=\"2026-04-08T07:40:24+00:00\" \/>\n<meta property=\"og:image\" content=\"https:\/\/gruyere-habits.ch\/wp-content\/uploads\/2025\/09\/Texner-19340.jpg\" \/>\n\t<meta property=\"og:image:width\" content=\"1500\" \/>\n\t<meta property=\"og:image:height\" content=\"1500\" \/>\n\t<meta property=\"og:image:type\" content=\"image\/jpeg\" \/>\n<meta name=\"twitter:card\" content=\"summary_large_image\" \/>\n<meta name=\"twitter:label1\" content=\"Est. reading time\" \/>\n\t<meta name=\"twitter:data1\" content=\"1 minute\" \/>\n<script type=\"application\/ld+json\" class=\"yoast-schema-graph\">{\"@context\":\"https:\/\/schema.org\",\"@graph\":[{\"@type\":\"WebPage\",\"@id\":\"https:\/\/gruyere-habits.ch\/produit\/veste-softshell-jaune\/\",\"url\":\"https:\/\/gruyere-habits.ch\/produit\/veste-softshell-jaune\/\",\"name\":\"Veste softshell jaune - Gruy\u00e8re Shop Textile\",\"isPartOf\":{\"@id\":\"https:\/\/gruyere-habits.ch\/#website\"},\"primaryImageOfPage\":{\"@id\":\"https:\/\/gruyere-habits.ch\/produit\/veste-softshell-jaune\/#primaryimage\"},\"image\":{\"@id\":\"https:\/\/gruyere-habits.ch\/produit\/veste-softshell-jaune\/#primaryimage\"},\"thumbnailUrl\":\"https:\/\/gruyere-habits.ch\/wp-content\/uploads\/2025\/09\/Texner-19340.jpg\",\"datePublished\":\"2025-09-22T06:28:23+00:00\",\"dateModified\":\"2026-04-08T07:40:24+00:00\",\"breadcrumb\":{\"@id\":\"https:\/\/gruyere-habits.ch\/produit\/veste-softshell-jaune\/#breadcrumb\"},\"inLanguage\":\"en-US\",\"potentialAction\":[{\"@type\":\"ReadAction\",\"target\":[\"https:\/\/gruyere-habits.ch\/produit\/veste-softshell-jaune\/\"]}]},{\"@type\":\"ImageObject\",\"inLanguage\":\"en-US\",\"@id\":\"https:\/\/gruyere-habits.ch\/produit\/veste-softshell-jaune\/#primaryimage\",\"url\":\"https:\/\/gruyere-habits.ch\/wp-content\/uploads\/2025\/09\/Texner-19340.jpg\",\"contentUrl\":\"https:\/\/gruyere-habits.ch\/wp-content\/uploads\/2025\/09\/Texner-19340.jpg\",\"width\":1500,\"height\":1500},{\"@type\":\"BreadcrumbList\",\"@id\":\"https:\/\/gruyere-habits.ch\/produit\/veste-softshell-jaune\/#breadcrumb\",\"itemListElement\":[{\"@type\":\"ListItem\",\"position\":1,\"name\":\"Accueil\",\"item\":\"https:\/\/gruyere-habits.ch\/\"},{\"@type\":\"ListItem\",\"position\":2,\"name\":\"Boutique\",\"item\":\"https:\/\/gruyere-habits.ch\/boutique\/\"},{\"@type\":\"ListItem\",\"position\":3,\"name\":\"Veste softshell jaune\"}]},{\"@type\":\"WebSite\",\"@id\":\"https:\/\/gruyere-habits.ch\/#website\",\"url\":\"https:\/\/gruyere-habits.ch\/\",\"name\":\"Gruy\u00e8re Shop Textile\",\"description\":\"\",\"publisher\":{\"@id\":\"https:\/\/gruyere-habits.ch\/#organization\"},\"potentialAction\":[{\"@type\":\"SearchAction\",\"target\":{\"@type\":\"EntryPoint\",\"urlTemplate\":\"https:\/\/gruyere-habits.ch\/?s={search_term_string}\"},\"query-input\":{\"@type\":\"PropertyValueSpecification\",\"valueRequired\":true,\"valueName\":\"search_term_string\"}}],\"inLanguage\":\"en-US\"},{\"@type\":\"Organization\",\"@id\":\"https:\/\/gruyere-habits.ch\/#organization\",\"name\":\"Gruy\u00e8re Shop Textile\",\"url\":\"https:\/\/gruyere-habits.ch\/\",\"logo\":{\"@type\":\"ImageObject\",\"inLanguage\":\"en-US\",\"@id\":\"https:\/\/gruyere-habits.ch\/#\/schema\/logo\/image\/\",\"url\":\"https:\/\/gruyere-habits.ch\/wp-content\/uploads\/2025\/01\/logo.png\",\"contentUrl\":\"https:\/\/gruyere-habits.ch\/wp-content\/uploads\/2025\/01\/logo.png\",\"width\":532,\"height\":180,\"caption\":\"Gruy\u00e8re Shop Textile\"},\"image\":{\"@id\":\"https:\/\/gruyere-habits.ch\/#\/schema\/logo\/image\/\"}}]}<\/script>\n<!-- \/ Yoast SEO plugin. -->","yoast_head_json":{"title":"Yellow softshell jacket - Gruy\u00e8re Shop Textile","robots":{"index":"index","follow":"follow","max-snippet":"max-snippet:-1","max-image-preview":"max-image-preview:large","max-video-preview":"max-video-preview:-1"},"canonical":"https:\/\/gruyere-habits.ch\/en\/product\/yellow-softshell-jacket\/","og_locale":"en_US","og_type":"article","og_title":"Veste softshell jaune - Gruy\u00e8re Shop Textile","og_description":"Veste softshell jaune avec logo Le Gruy\u00e8re AOP \u00e0 l\u2019avant et \u00e0 l\u2019arri\u00e8re, ainsi que le drapeau suisse sur la manche droite, article fabriqu\u00e9 en Europe.","og_url":"https:\/\/gruyere-habits.ch\/en\/product\/yellow-softshell-jacket\/","og_site_name":"Gruy\u00e8re Shop Textile","article_modified_time":"2026-04-08T07:40:24+00:00","og_image":[{"width":1500,"height":1500,"url":"https:\/\/gruyere-habits.ch\/wp-content\/uploads\/2025\/09\/Texner-19340.jpg","type":"image\/jpeg"}],"twitter_card":"summary_large_image","twitter_misc":{"Est. reading time":"1 minute"},"schema":{"@context":"https:\/\/schema.org","@graph":[{"@type":"WebPage","@id":"https:\/\/gruyere-habits.ch\/produit\/veste-softshell-jaune\/","url":"https:\/\/gruyere-habits.ch\/produit\/veste-softshell-jaune\/","name":"Yellow softshell jacket - Gruy\u00e8re Shop Textile","isPartOf":{"@id":"https:\/\/gruyere-habits.ch\/#website"},"primaryImageOfPage":{"@id":"https:\/\/gruyere-habits.ch\/produit\/veste-softshell-jaune\/#primaryimage"},"image":{"@id":"https:\/\/gruyere-habits.ch\/produit\/veste-softshell-jaune\/#primaryimage"},"thumbnailUrl":"https:\/\/gruyere-habits.ch\/wp-content\/uploads\/2025\/09\/Texner-19340.jpg","datePublished":"2025-09-22T06:28:23+00:00","dateModified":"2026-04-08T07:40:24+00:00","breadcrumb":{"@id":"https:\/\/gruyere-habits.ch\/produit\/veste-softshell-jaune\/#breadcrumb"},"inLanguage":"en-US","potentialAction":[{"@type":"ReadAction","target":["https:\/\/gruyere-habits.ch\/produit\/veste-softshell-jaune\/"]}]},{"@type":"ImageObject","inLanguage":"en-US","@id":"https:\/\/gruyere-habits.ch\/produit\/veste-softshell-jaune\/#primaryimage","url":"https:\/\/gruyere-habits.ch\/wp-content\/uploads\/2025\/09\/Texner-19340.jpg","contentUrl":"https:\/\/gruyere-habits.ch\/wp-content\/uploads\/2025\/09\/Texner-19340.jpg","width":1500,"height":1500},{"@type":"BreadcrumbList","@id":"https:\/\/gruyere-habits.ch\/produit\/veste-softshell-jaune\/#breadcrumb","itemListElement":[{"@type":"ListItem","position":1,"name":"Accueil","item":"https:\/\/gruyere-habits.ch\/"},{"@type":"ListItem","position":2,"name":"Boutique","item":"https:\/\/gruyere-habits.ch\/boutique\/"},{"@type":"ListItem","position":3,"name":"Veste softshell jaune"}]},{"@type":"WebSite","@id":"https:\/\/gruyere-habits.ch\/#website","url":"https:\/\/gruyere-habits.ch\/","name":"Gruy\u00e8re Shop Textile","description":"","publisher":{"@id":"https:\/\/gruyere-habits.ch\/#organization"},"potentialAction":[{"@type":"SearchAction","target":{"@type":"EntryPoint","urlTemplate":"https:\/\/gruyere-habits.ch\/?s={search_term_string}"},"query-input":{"@type":"PropertyValueSpecification","valueRequired":true,"valueName":"search_term_string"}}],"inLanguage":"en-US"},{"@type":"Organization","@id":"https:\/\/gruyere-habits.ch\/#organization","name":"Gruy\u00e8re Shop Textile","url":"https:\/\/gruyere-habits.ch\/","logo":{"@type":"ImageObject","inLanguage":"en-US","@id":"https:\/\/gruyere-habits.ch\/#\/schema\/logo\/image\/","url":"https:\/\/gruyere-habits.ch\/wp-content\/uploads\/2025\/01\/logo.png","contentUrl":"https:\/\/gruyere-habits.ch\/wp-content\/uploads\/2025\/01\/logo.png","width":532,"height":180,"caption":"Gruy\u00e8re Shop Textile"},"image":{"@id":"https:\/\/gruyere-habits.ch\/#\/schema\/logo\/image\/"}}]}},"_links":{"self":[{"href":"https:\/\/gruyere-habits.ch\/en\/wp-json\/wp\/v2\/product\/389","targetHints":{"allow":["GET"]}}],"collection":[{"href":"https:\/\/gruyere-habits.ch\/en\/wp-json\/wp\/v2\/product"}],"about":[{"href":"https:\/\/gruyere-habits.ch\/en\/wp-json\/wp\/v2\/types\/product"}],"replies":[{"embeddable":true,"href":"https:\/\/gruyere-habits.ch\/en\/wp-json\/wp\/v2\/comments?post=389"}],"wp:featuredmedia":[{"embeddable":true,"href":"https:\/\/gruyere-habits.ch\/en\/wp-json\/wp\/v2\/media\/978"}],"wp:attachment":[{"href":"https:\/\/gruyere-habits.ch\/en\/wp-json\/wp\/v2\/media?parent=389"}],"wp:term":[{"taxonomy":"product_brand","embeddable":true,"href":"https:\/\/gruyere-habits.ch\/en\/wp-json\/wp\/v2\/product_brand?post=389"},{"taxonomy":"product_cat","embeddable":true,"href":"https:\/\/gruyere-habits.ch\/en\/wp-json\/wp\/v2\/product_cat?post=389"},{"taxonomy":"product_tag","embeddable":true,"href":"https:\/\/gruyere-habits.ch\/en\/wp-json\/wp\/v2\/product_tag?post=389"}],"curies":[{"name":"wp","href":"https:\/\/api.w.org\/{rel}","templated":true}]}}