{"id":681,"date":"2025-10-17T12:05:23","date_gmt":"2025-10-17T12:05:23","guid":{"rendered":"https:\/\/gruyere-habits.ch\/?page_id=681"},"modified":"2025-10-22T14:51:52","modified_gmt":"2025-10-22T14:51:52","slug":"account-request","status":"publish","type":"page","link":"https:\/\/gruyere-habits.ch\/en\/account-request\/","title":{"rendered":"Account request"},"content":{"rendered":"<div data-elementor-type=\"wp-page\" data-elementor-id=\"681\" class=\"elementor elementor-681\" data-elementor-post-type=\"page\">\n\t\t\t\t<div class=\"elementor-element elementor-element-f01cc89 e-flex e-con-boxed e-con e-parent\" data-id=\"f01cc89\" data-element_type=\"container\" data-e-type=\"container\" data-settings=\"{&quot;background_background&quot;:&quot;classic&quot;}\">\n\t\t\t\t\t<div class=\"e-con-inner\">\n\t\t\t\t<div class=\"elementor-element elementor-element-2fb1489 elementor-widget elementor-widget-spacer\" data-id=\"2fb1489\" data-element_type=\"widget\" data-e-type=\"widget\" data-widget_type=\"spacer.default\">\n\t\t\t\t\t\t\t<div class=\"elementor-spacer\">\n\t\t\t<div class=\"elementor-spacer-inner\"><\/div>\n\t\t<\/div>\n\t\t\t\t\t\t<\/div>\n\t\t\t\t<div class=\"elementor-element elementor-element-e5cd8c7 elementor-widget elementor-widget-text-editor\" data-id=\"e5cd8c7\" data-element_type=\"widget\" data-e-type=\"widget\" data-widget_type=\"text-editor.default\">\n\t\t\t\t\t\t\t\t\t<p data-pm-slice=\"0 0 []\"><strong>To access the dedicated area and personalize your articles, you must first make an official request to Interprofession de la Gruy\u00e8re to create an account.<\/strong><\/p><p><strong>Once we have received your request, it will be reviewed and validated by our services. Once your account has been approved, you will receive a confirmation e-mail containing an activation link.<\/strong><\/p><p><strong>As soon as your account is activated, you'll be able to complete your profile and add your logo, as well as other visual elements, so that they appear on the articles available on the platform.<\/strong><\/p>\t\t\t\t\t\t\t\t<\/div>\n\t\t\t\t<div class=\"elementor-element elementor-element-a6612cd elementor-widget elementor-widget-wpforms\" data-id=\"a6612cd\" data-element_type=\"widget\" data-e-type=\"widget\" data-widget_type=\"wpforms.default\">\n\t\t\t\t<div class=\"elementor-widget-container\">\n\t\t\t\t\t<style id=\"wpforms-css-vars-elementor-widget-a6612cd\">\n\t\t\t\t.elementor-widget-wpforms.elementor-element-a6612cd {\n\t\t\t\t--wpforms-label-color: #144184;\n--wpforms-button-background-color: #144184;\n\t\t\t}\n\t\t\t<\/style><div class=\"wpforms-container wpforms-container-full wpforms-render-modern\" id=\"wpforms-677\"><form id=\"wpforms-form-677\" class=\"wpforms-validate wpforms-form wpforms-ajax-form\" data-formid=\"677\" method=\"post\" enctype=\"multipart\/form-data\" action=\"\/en\/wp-json\/wp\/v2\/pages\/681\" data-token=\"58f4a614aa2573247f5d7b95c3917561\" data-token-time=\"1775828266\" data-trp-original-action=\"\/en\/wp-json\/wp\/v2\/pages\/681\"><div class=\"wpforms-head-container\"><div class=\"wpforms-title\">Account request<\/div><\/div><noscript class=\"wpforms-error-noscript\">Please enable JavaScript in your browser to complete this form.<\/noscript><div id=\"wpforms-error-noscript\" style=\"display: none;\">Please enable JavaScript in your browser to complete this form.<\/div><div class=\"wpforms-field-container\">\t\t<div id=\"wpforms-677-field_8-container\"\n\t\t\tclass=\"wpforms-field wpforms-field-text\"\n\t\t\tdata-field-type=\"text\"\n\t\t\tdata-field-id=\"8\"\n\t\t\t>\n\t\t\t<label class=\"wpforms-field-label\" for=\"wpforms-677-field_8\" >\u00eates E-mail <\/label>\n\t\t\t<input type=\"text\" id=\"wpforms-677-field_8\" class=\"wpforms-field-medium\" name=\"wpforms[fields][8]\" >\n\t\t<\/div>\n\t\t<div id=\"wpforms-677-field_1-container\" class=\"wpforms-field wpforms-field-name\" data-field-id=\"1\"><fieldset><legend class=\"wpforms-field-label\">Name <span class=\"wpforms-required-label\" aria-hidden=\"true\">*<\/span><\/legend><div class=\"wpforms-field-row wpforms-field-medium\"><div class=\"wpforms-field-row-block wpforms-first wpforms-one-half\"><input type=\"text\" id=\"wpforms-677-field_1\" class=\"wpforms-field-name-first wpforms-field-required\" name=\"wpforms[fields][1][first]\" aria-errormessage=\"wpforms-677-field_1-error\" required><label for=\"wpforms-677-field_1\" class=\"wpforms-field-sublabel after\">First<\/label><\/div><div class=\"wpforms-field-row-block wpforms-one-half\"><input type=\"text\" id=\"wpforms-677-field_1-last\" class=\"wpforms-field-name-last wpforms-field-required\" name=\"wpforms[fields][1][last]\" aria-errormessage=\"wpforms-677-field_1-last-error\" required><label for=\"wpforms-677-field_1-last\" class=\"wpforms-field-sublabel after\">Last<\/label><\/div><\/div><\/fieldset><\/div><div id=\"wpforms-677-field_6-container\" class=\"wpforms-field wpforms-field-email\" data-field-id=\"6\"><label class=\"wpforms-field-label\" for=\"wpforms-677-field_6\">E-mail <span class=\"wpforms-required-label\" aria-hidden=\"true\">*<\/span><\/label><input type=\"email\" id=\"wpforms-677-field_6\" class=\"wpforms-field-medium wpforms-field-required\" name=\"wpforms[fields][6]\" spellcheck=\"false\" aria-errormessage=\"wpforms-677-field_6-error\" required><\/div><div id=\"wpforms-677-field_7-container\" class=\"wpforms-field wpforms-field-select wpforms-field-select-style-classic\" data-field-id=\"7\"><label class=\"wpforms-field-label\" for=\"wpforms-677-field_7\">You are a\u00a0 <span class=\"wpforms-required-label\" aria-hidden=\"true\">*<\/span><\/label><select id=\"wpforms-677-field_7\" class=\"wpforms-field-medium wpforms-field-required\" name=\"wpforms[fields][7]\" required=\"required\"><option value=\"\" class=\"placeholder\" disabled selected='selected'>--- Select a choice ---<\/option><option value=\"Producteur de lait\"  class=\"choice-1 depth-1\"  >Milk producer<\/option><option value=\"Fromager\"  class=\"choice-2 depth-1\"  >Cheesemaker<\/option><option value=\"Affineur\"  class=\"choice-3 depth-1\"  >Refiner<\/option><option value=\"Autre\"  class=\"choice-5 depth-1\"  >Other<\/option><\/select><\/div><div id=\"wpforms-677-field_9-container\" class=\"wpforms-field wpforms-field-text\" data-field-id=\"9\"><label class=\"wpforms-field-label\" for=\"wpforms-677-field_9\">Other *<\/label><input type=\"text\" id=\"wpforms-677-field_9\" class=\"wpforms-field-medium\" name=\"wpforms[fields][9]\" placeholder=\"Please fill in your trade if it is not available above.\" aria-errormessage=\"wpforms-677-field_9-error\" ><\/div><div id=\"wpforms-677-field_2-container\" class=\"wpforms-field wpforms-field-text\" data-field-id=\"2\"><label class=\"wpforms-field-label\" for=\"wpforms-677-field_2\">Company  <span class=\"wpforms-required-label\" aria-hidden=\"true\">*<\/span><\/label><input type=\"text\" id=\"wpforms-677-field_2\" class=\"wpforms-field-medium wpforms-field-required\" name=\"wpforms[fields][2]\" aria-errormessage=\"wpforms-677-field_2-error\" required><\/div><div id=\"wpforms-677-field_3-container\" class=\"wpforms-field wpforms-field-text\" data-field-id=\"3\"><label class=\"wpforms-field-label\" for=\"wpforms-677-field_3\"> Address <span class=\"wpforms-required-label\" aria-hidden=\"true\">*<\/span><\/label><input type=\"text\" id=\"wpforms-677-field_3\" class=\"wpforms-field-medium wpforms-field-required\" name=\"wpforms[fields][3]\" aria-errormessage=\"wpforms-677-field_3-error\" required><\/div><div id=\"wpforms-677-field_5-container\" class=\"wpforms-field wpforms-field-text\" data-field-id=\"5\"><label class=\"wpforms-field-label\" for=\"wpforms-677-field_5\">Town \/ Village  <span class=\"wpforms-required-label\" aria-hidden=\"true\">*<\/span><\/label><input type=\"text\" id=\"wpforms-677-field_5\" class=\"wpforms-field-medium wpforms-field-required\" name=\"wpforms[fields][5]\" aria-errormessage=\"wpforms-677-field_5-error\" required><\/div><div id=\"wpforms-677-field_4-container\" class=\"wpforms-field wpforms-field-number\" data-field-id=\"4\"><label class=\"wpforms-field-label\" for=\"wpforms-677-field_4\">Npa <span class=\"wpforms-required-label\" aria-hidden=\"true\">*<\/span><\/label><input type=\"number\" id=\"wpforms-677-field_4\" class=\"wpforms-field-medium wpforms-field-required\" name=\"wpforms[fields][4]\" step=\"any\" aria-errormessage=\"wpforms-677-field_4-error\" required><\/div><script>\n\t\t\t\t( function() {\n\t\t\t\t\tconst style = document.createElement( 'style' );\n\t\t\t\t\tstyle.appendChild( document.createTextNode( '#wpforms-677-field_8-container { position: absolute !important; overflow: hidden !important; display: inline !important; height: 1px !important; width: 1px !important; z-index: -1000 !important; padding: 0 !important; } #wpforms-677-field_8-container input { visibility: hidden; } #wpforms-conversational-form-page #wpforms-677-field_8-container label { counter-increment: none; }' ) );\n\t\t\t\t\tdocument.head.appendChild( style );\n\t\t\t\t\tdocument.currentScript?.remove();\n\t\t\t\t} )();\n\t\t\t<\/script><\/div><!-- .wpforms-field-container --><div class=\"wpforms-recaptcha-container wpforms-is-hcaptcha\" >\t\t<input\n\t\t\t\ttype=\"hidden\"\n\t\t\t\tclass=\"hcaptcha-widget-id\"\n\t\t\t\tname=\"hcaptcha-widget-id\"\n\t\t\t\tvalue=\"eyJzb3VyY2UiOlsid3Bmb3Jtc1wvd3Bmb3Jtcy5waHAiLCJ3cGZvcm1zLWxpdGVcL3dwZm9ybXMucGhwIl0sImZvcm1faWQiOjY3N30=-d55e0147993e83d76fae5490c8ec8b53\">\n\t\t\t\t<h-captcha\n\t\t\tclass=\"h-captcha\"\n\t\t\tdata-sitekey=\"fa7270da-070e-482c-a4dc-247a30cc7bfc\"\n\t\t\tdata-theme=\"light\"\n\t\t\tdata-size=\"normal\"\n\t\t\tdata-auto=\"false\"\n\t\t\tdata-ajax=\"false\"\n\t\t\tdata-force=\"false\">\n\t\t<\/h-captcha>\n\t\t<input type=\"hidden\" id=\"hcaptcha_wpforms_nonce\" name=\"hcaptcha_wpforms_nonce\" value=\"da1670866e\" \/><input type=\"hidden\" name=\"_wp_http_referer\" value=\"\/en\/wp-json\/wp\/v2\/pages\/681\" \/><\/div><div class=\"wpforms-submit-container\" ><input type=\"hidden\" name=\"wpforms[id]\" value=\"677\"><input type=\"hidden\" name=\"page_title\" value=\"\"><input type=\"hidden\" name=\"page_url\" value=\"https:\/\/gruyere-habits.ch\/en\/wp-json\/wp\/v2\/pages\/681\"><input type=\"hidden\" name=\"url_referer\" value=\"\"><button type=\"submit\" name=\"wpforms[submit]\" id=\"wpforms-submit-677\" class=\"wpforms-submit\" data-alt-text=\"Envoi...\" data-submit-text=\"Envoyer\" aria-live=\"assertive\" value=\"wpforms-submit\">Send<\/button><img decoding=\"async\" src=\"https:\/\/gruyere-habits.ch\/wp-content\/plugins\/wpforms-lite\/assets\/images\/submit-spin.svg\" class=\"wpforms-submit-spinner\" style=\"display: none;\" width=\"26\" height=\"26\" alt=\"Loading\"><\/div><input type=\"hidden\" name=\"trp-form-language\" value=\"en\"\/><\/form><\/div>  <!-- .wpforms-container -->\t\t\t\t<\/div>\n\t\t\t\t<\/div>\n\t\t\t\t<div class=\"elementor-element elementor-element-0b469e9 elementor-widget elementor-widget-spacer\" data-id=\"0b469e9\" data-element_type=\"widget\" data-e-type=\"widget\" data-widget_type=\"spacer.default\">\n\t\t\t\t\t\t\t<div class=\"elementor-spacer\">\n\t\t\t<div class=\"elementor-spacer-inner\"><\/div>\n\t\t<\/div>\n\t\t\t\t\t\t<\/div>\n\t\t\t\t\t<\/div>\n\t\t\t\t<\/div>\n\t\t\t\t<\/div>","protected":false},"excerpt":{"rendered":"<p>To access the dedicated area and personalize your articles, you must first make an official request to Interprofession de la Gruy\u00e8re to create an account. Once your request has been received, it will be examined and validated by our services. Once your account has been approved, you will receive a confirmation e-mail containing a link to [...]<\/p>","protected":false},"author":1,"featured_media":0,"parent":0,"menu_order":0,"comment_status":"closed","ping_status":"closed","template":"elementor_header_footer","meta":{"footnotes":""},"class_list":["post-681","page","type-page","status-publish","hentry"],"yoast_head":"<!-- This site is optimized with the Yoast SEO plugin v26.9 - https:\/\/yoast.com\/product\/yoast-seo-wordpress\/ -->\n<title>Demande de compte - Gruy\u00e8re Shop Textile<\/title>\n<meta name=\"robots\" content=\"index, follow, max-snippet:-1, max-image-preview:large, max-video-preview:-1\" \/>\n<link rel=\"canonical\" href=\"https:\/\/gruyere-habits.ch\/en\/account-request\/\" \/>\n<meta property=\"og:locale\" content=\"en_US\" \/>\n<meta property=\"og:type\" content=\"article\" \/>\n<meta property=\"og:title\" content=\"Demande de compte - Gruy\u00e8re Shop Textile\" \/>\n<meta property=\"og:description\" content=\"Pour pouvoir acc\u00e9der \u00e0 l\u2019espace d\u00e9di\u00e9 et personnaliser vos articles, vous devez au pr\u00e9alable effectuer une demande officielle de cr\u00e9ation de compte aupr\u00e8s de l\u2019Interprofession de la Gruy\u00e8re. Apr\u00e8s r\u00e9ception de votre demande, celle-ci sera examin\u00e9e et valid\u00e9e par nos services. Une fois votre compte approuv\u00e9, vous recevrez un courriel de confirmation contenant un lien [&hellip;]\" \/>\n<meta property=\"og:url\" content=\"https:\/\/gruyere-habits.ch\/en\/account-request\/\" \/>\n<meta property=\"og:site_name\" content=\"Gruy\u00e8re Shop Textile\" \/>\n<meta property=\"article:modified_time\" content=\"2025-10-22T14:51:52+00:00\" \/>\n<meta property=\"og:image\" content=\"https:\/\/gruyere-habits.ch\/wp-content\/plugins\/wpforms-lite\/assets\/images\/submit-spin.svg\" \/>\n<meta name=\"twitter:card\" content=\"summary_large_image\" \/>\n<meta name=\"twitter:label1\" content=\"Est. reading time\" \/>\n\t<meta name=\"twitter:data1\" content=\"1 minute\" \/>\n<script type=\"application\/ld+json\" class=\"yoast-schema-graph\">{\"@context\":\"https:\/\/schema.org\",\"@graph\":[{\"@type\":\"WebPage\",\"@id\":\"https:\/\/gruyere-habits.ch\/demande-de-compte\/\",\"url\":\"https:\/\/gruyere-habits.ch\/demande-de-compte\/\",\"name\":\"Demande de compte - Gruy\u00e8re Shop Textile\",\"isPartOf\":{\"@id\":\"https:\/\/gruyere-habits.ch\/#website\"},\"primaryImageOfPage\":{\"@id\":\"https:\/\/gruyere-habits.ch\/demande-de-compte\/#primaryimage\"},\"image\":{\"@id\":\"https:\/\/gruyere-habits.ch\/demande-de-compte\/#primaryimage\"},\"thumbnailUrl\":\"https:\/\/gruyere-habits.ch\/wp-content\/plugins\/wpforms-lite\/assets\/images\/submit-spin.svg\",\"datePublished\":\"2025-10-17T12:05:23+00:00\",\"dateModified\":\"2025-10-22T14:51:52+00:00\",\"breadcrumb\":{\"@id\":\"https:\/\/gruyere-habits.ch\/demande-de-compte\/#breadcrumb\"},\"inLanguage\":\"en-US\",\"potentialAction\":[{\"@type\":\"ReadAction\",\"target\":[\"https:\/\/gruyere-habits.ch\/demande-de-compte\/\"]}]},{\"@type\":\"ImageObject\",\"inLanguage\":\"en-US\",\"@id\":\"https:\/\/gruyere-habits.ch\/demande-de-compte\/#primaryimage\",\"url\":\"https:\/\/gruyere-habits.ch\/wp-content\/plugins\/wpforms-lite\/assets\/images\/submit-spin.svg\",\"contentUrl\":\"https:\/\/gruyere-habits.ch\/wp-content\/plugins\/wpforms-lite\/assets\/images\/submit-spin.svg\"},{\"@type\":\"BreadcrumbList\",\"@id\":\"https:\/\/gruyere-habits.ch\/demande-de-compte\/#breadcrumb\",\"itemListElement\":[{\"@type\":\"ListItem\",\"position\":1,\"name\":\"Accueil\",\"item\":\"https:\/\/gruyere-habits.ch\/\"},{\"@type\":\"ListItem\",\"position\":2,\"name\":\"Demande de compte\"}]},{\"@type\":\"WebSite\",\"@id\":\"https:\/\/gruyere-habits.ch\/#website\",\"url\":\"https:\/\/gruyere-habits.ch\/\",\"name\":\"Gruy\u00e8re Shop Textile\",\"description\":\"\",\"publisher\":{\"@id\":\"https:\/\/gruyere-habits.ch\/#organization\"},\"potentialAction\":[{\"@type\":\"SearchAction\",\"target\":{\"@type\":\"EntryPoint\",\"urlTemplate\":\"https:\/\/gruyere-habits.ch\/?s={search_term_string}\"},\"query-input\":{\"@type\":\"PropertyValueSpecification\",\"valueRequired\":true,\"valueName\":\"search_term_string\"}}],\"inLanguage\":\"en-US\"},{\"@type\":\"Organization\",\"@id\":\"https:\/\/gruyere-habits.ch\/#organization\",\"name\":\"Gruy\u00e8re Shop Textile\",\"url\":\"https:\/\/gruyere-habits.ch\/\",\"logo\":{\"@type\":\"ImageObject\",\"inLanguage\":\"en-US\",\"@id\":\"https:\/\/gruyere-habits.ch\/#\/schema\/logo\/image\/\",\"url\":\"https:\/\/gruyere-habits.ch\/wp-content\/uploads\/2025\/01\/logo.png\",\"contentUrl\":\"https:\/\/gruyere-habits.ch\/wp-content\/uploads\/2025\/01\/logo.png\",\"width\":532,\"height\":180,\"caption\":\"Gruy\u00e8re Shop Textile\"},\"image\":{\"@id\":\"https:\/\/gruyere-habits.ch\/#\/schema\/logo\/image\/\"}}]}<\/script>\n<!-- \/ Yoast SEO plugin. -->","yoast_head_json":{"title":"Account request - Gruy\u00e8re Shop Textile","robots":{"index":"index","follow":"follow","max-snippet":"max-snippet:-1","max-image-preview":"max-image-preview:large","max-video-preview":"max-video-preview:-1"},"canonical":"https:\/\/gruyere-habits.ch\/en\/account-request\/","og_locale":"en_US","og_type":"article","og_title":"Demande de compte - Gruy\u00e8re Shop Textile","og_description":"Pour pouvoir acc\u00e9der \u00e0 l\u2019espace d\u00e9di\u00e9 et personnaliser vos articles, vous devez au pr\u00e9alable effectuer une demande officielle de cr\u00e9ation de compte aupr\u00e8s de l\u2019Interprofession de la Gruy\u00e8re. Apr\u00e8s r\u00e9ception de votre demande, celle-ci sera examin\u00e9e et valid\u00e9e par nos services. Une fois votre compte approuv\u00e9, vous recevrez un courriel de confirmation contenant un lien [&hellip;]","og_url":"https:\/\/gruyere-habits.ch\/en\/account-request\/","og_site_name":"Gruy\u00e8re Shop Textile","article_modified_time":"2025-10-22T14:51:52+00:00","og_image":[{"url":"https:\/\/gruyere-habits.ch\/wp-content\/plugins\/wpforms-lite\/assets\/images\/submit-spin.svg","type":"","width":"","height":""}],"twitter_card":"summary_large_image","twitter_misc":{"Est. reading time":"1 minute"},"schema":{"@context":"https:\/\/schema.org","@graph":[{"@type":"WebPage","@id":"https:\/\/gruyere-habits.ch\/demande-de-compte\/","url":"https:\/\/gruyere-habits.ch\/demande-de-compte\/","name":"Account request - Gruy\u00e8re Shop Textile","isPartOf":{"@id":"https:\/\/gruyere-habits.ch\/#website"},"primaryImageOfPage":{"@id":"https:\/\/gruyere-habits.ch\/demande-de-compte\/#primaryimage"},"image":{"@id":"https:\/\/gruyere-habits.ch\/demande-de-compte\/#primaryimage"},"thumbnailUrl":"https:\/\/gruyere-habits.ch\/wp-content\/plugins\/wpforms-lite\/assets\/images\/submit-spin.svg","datePublished":"2025-10-17T12:05:23+00:00","dateModified":"2025-10-22T14:51:52+00:00","breadcrumb":{"@id":"https:\/\/gruyere-habits.ch\/demande-de-compte\/#breadcrumb"},"inLanguage":"en-US","potentialAction":[{"@type":"ReadAction","target":["https:\/\/gruyere-habits.ch\/demande-de-compte\/"]}]},{"@type":"ImageObject","inLanguage":"en-US","@id":"https:\/\/gruyere-habits.ch\/demande-de-compte\/#primaryimage","url":"https:\/\/gruyere-habits.ch\/wp-content\/plugins\/wpforms-lite\/assets\/images\/submit-spin.svg","contentUrl":"https:\/\/gruyere-habits.ch\/wp-content\/plugins\/wpforms-lite\/assets\/images\/submit-spin.svg"},{"@type":"BreadcrumbList","@id":"https:\/\/gruyere-habits.ch\/demande-de-compte\/#breadcrumb","itemListElement":[{"@type":"ListItem","position":1,"name":"Accueil","item":"https:\/\/gruyere-habits.ch\/"},{"@type":"ListItem","position":2,"name":"Demande de compte"}]},{"@type":"WebSite","@id":"https:\/\/gruyere-habits.ch\/#website","url":"https:\/\/gruyere-habits.ch\/","name":"Gruy\u00e8re Shop Textile","description":"","publisher":{"@id":"https:\/\/gruyere-habits.ch\/#organization"},"potentialAction":[{"@type":"SearchAction","target":{"@type":"EntryPoint","urlTemplate":"https:\/\/gruyere-habits.ch\/?s={search_term_string}"},"query-input":{"@type":"PropertyValueSpecification","valueRequired":true,"valueName":"search_term_string"}}],"inLanguage":"en-US"},{"@type":"Organization","@id":"https:\/\/gruyere-habits.ch\/#organization","name":"Gruy\u00e8re Shop Textile","url":"https:\/\/gruyere-habits.ch\/","logo":{"@type":"ImageObject","inLanguage":"en-US","@id":"https:\/\/gruyere-habits.ch\/#\/schema\/logo\/image\/","url":"https:\/\/gruyere-habits.ch\/wp-content\/uploads\/2025\/01\/logo.png","contentUrl":"https:\/\/gruyere-habits.ch\/wp-content\/uploads\/2025\/01\/logo.png","width":532,"height":180,"caption":"Gruy\u00e8re Shop Textile"},"image":{"@id":"https:\/\/gruyere-habits.ch\/#\/schema\/logo\/image\/"}}]}},"_links":{"self":[{"href":"https:\/\/gruyere-habits.ch\/en\/wp-json\/wp\/v2\/pages\/681","targetHints":{"allow":["GET"]}}],"collection":[{"href":"https:\/\/gruyere-habits.ch\/en\/wp-json\/wp\/v2\/pages"}],"about":[{"href":"https:\/\/gruyere-habits.ch\/en\/wp-json\/wp\/v2\/types\/page"}],"author":[{"embeddable":true,"href":"https:\/\/gruyere-habits.ch\/en\/wp-json\/wp\/v2\/users\/1"}],"replies":[{"embeddable":true,"href":"https:\/\/gruyere-habits.ch\/en\/wp-json\/wp\/v2\/comments?post=681"}],"version-history":[{"count":13,"href":"https:\/\/gruyere-habits.ch\/en\/wp-json\/wp\/v2\/pages\/681\/revisions"}],"predecessor-version":[{"id":709,"href":"https:\/\/gruyere-habits.ch\/en\/wp-json\/wp\/v2\/pages\/681\/revisions\/709"}],"wp:attachment":[{"href":"https:\/\/gruyere-habits.ch\/en\/wp-json\/wp\/v2\/media?parent=681"}],"curies":[{"name":"wp","href":"https:\/\/api.w.org\/{rel}","templated":true}]}}