{"id":353,"date":"2025-09-18T10:37:05","date_gmt":"2025-09-18T10:37:05","guid":{"rendered":"https:\/\/gruyere-habits.ch\/?post_type=product&#038;p=353"},"modified":"2026-04-08T08:16:12","modified_gmt":"2026-04-08T08:16:12","slug":"daunenweste","status":"publish","type":"product","link":"https:\/\/gruyere-habits.ch\/de\/produkt\/daunenweste\/","title":{"rendered":"Daunen-Gilet"},"content":{"rendered":"","protected":false},"excerpt":{"rendered":"<p>Unisex-Daunen-Gilet mit Logo Le Gruy\u00e8re AOP, hergestellt in Europa.<\/p>","protected":false},"featured_media":963,"comment_status":"open","ping_status":"closed","template":"","meta":[],"product_brand":[],"product_cat":[15,20,40],"product_tag":[],"class_list":{"0":"post-353","1":"product","2":"type-product","3":"status-publish","4":"has-post-thumbnail","6":"product_cat-non-classe","7":"product_cat-articles","8":"product_cat-gilet","10":"first","11":"instock","12":"taxable","13":"shipping-taxable","14":"purchasable","15":"product-type-variable","16":"has-default-attributes","17":"product-type-zakeke","18":"product-type-external"},"yoast_head":"<!-- This site is optimized with the Yoast SEO plugin v26.9 - https:\/\/yoast.com\/product\/yoast-seo-wordpress\/ -->\n<title>Gilet doudoune - Gruy\u00e8re Shop Textile<\/title>\n<meta name=\"robots\" content=\"index, follow, max-snippet:-1, max-image-preview:large, max-video-preview:-1\" \/>\n<link rel=\"canonical\" href=\"https:\/\/gruyere-habits.ch\/de\/produkt\/daunenweste\/\" \/>\n<meta property=\"og:locale\" content=\"de_DE\" \/>\n<meta property=\"og:type\" content=\"article\" \/>\n<meta property=\"og:title\" content=\"Gilet doudoune - Gruy\u00e8re Shop Textile\" \/>\n<meta property=\"og:description\" content=\"Gilet doudoune unisexe avec le logo Le Gruy\u00e8re AOP , article fabriqu\u00e9 en Europe.\" \/>\n<meta property=\"og:url\" content=\"https:\/\/gruyere-habits.ch\/de\/produkt\/daunenweste\/\" \/>\n<meta property=\"og:site_name\" content=\"Gruy\u00e8re Shop Textile\" \/>\n<meta property=\"article:modified_time\" content=\"2026-04-08T08:16:12+00:00\" \/>\n<meta property=\"og:image\" content=\"https:\/\/gruyere-habits.ch\/wp-content\/uploads\/2025\/09\/Texner-19317-2.jpg\" \/>\n\t<meta property=\"og:image:width\" content=\"1500\" \/>\n\t<meta property=\"og:image:height\" content=\"1500\" \/>\n\t<meta property=\"og:image:type\" content=\"image\/jpeg\" \/>\n<meta name=\"twitter:card\" content=\"summary_large_image\" \/>\n<meta name=\"twitter:label1\" content=\"Gesch\u00e4tzte Lesezeit\" \/>\n\t<meta name=\"twitter:data1\" content=\"1\u00a0Minute\" \/>\n<script type=\"application\/ld+json\" class=\"yoast-schema-graph\">{\"@context\":\"https:\/\/schema.org\",\"@graph\":[{\"@type\":\"WebPage\",\"@id\":\"https:\/\/gruyere-habits.ch\/produit\/gilet-doudoune\/\",\"url\":\"https:\/\/gruyere-habits.ch\/produit\/gilet-doudoune\/\",\"name\":\"Gilet doudoune - Gruy\u00e8re Shop Textile\",\"isPartOf\":{\"@id\":\"https:\/\/gruyere-habits.ch\/#website\"},\"primaryImageOfPage\":{\"@id\":\"https:\/\/gruyere-habits.ch\/produit\/gilet-doudoune\/#primaryimage\"},\"image\":{\"@id\":\"https:\/\/gruyere-habits.ch\/produit\/gilet-doudoune\/#primaryimage\"},\"thumbnailUrl\":\"https:\/\/gruyere-habits.ch\/wp-content\/uploads\/2025\/09\/Texner-19317-2.jpg\",\"datePublished\":\"2025-09-18T10:37:05+00:00\",\"dateModified\":\"2026-04-08T08:16:12+00:00\",\"breadcrumb\":{\"@id\":\"https:\/\/gruyere-habits.ch\/produit\/gilet-doudoune\/#breadcrumb\"},\"inLanguage\":\"de-CH\",\"potentialAction\":[{\"@type\":\"ReadAction\",\"target\":[\"https:\/\/gruyere-habits.ch\/produit\/gilet-doudoune\/\"]}]},{\"@type\":\"ImageObject\",\"inLanguage\":\"de-CH\",\"@id\":\"https:\/\/gruyere-habits.ch\/produit\/gilet-doudoune\/#primaryimage\",\"url\":\"https:\/\/gruyere-habits.ch\/wp-content\/uploads\/2025\/09\/Texner-19317-2.jpg\",\"contentUrl\":\"https:\/\/gruyere-habits.ch\/wp-content\/uploads\/2025\/09\/Texner-19317-2.jpg\",\"width\":1500,\"height\":1500},{\"@type\":\"BreadcrumbList\",\"@id\":\"https:\/\/gruyere-habits.ch\/produit\/gilet-doudoune\/#breadcrumb\",\"itemListElement\":[{\"@type\":\"ListItem\",\"position\":1,\"name\":\"Accueil\",\"item\":\"https:\/\/gruyere-habits.ch\/\"},{\"@type\":\"ListItem\",\"position\":2,\"name\":\"Boutique\",\"item\":\"https:\/\/gruyere-habits.ch\/boutique\/\"},{\"@type\":\"ListItem\",\"position\":3,\"name\":\"Gilet doudoune\"}]},{\"@type\":\"WebSite\",\"@id\":\"https:\/\/gruyere-habits.ch\/#website\",\"url\":\"https:\/\/gruyere-habits.ch\/\",\"name\":\"Gruy\u00e8re Shop Textile\",\"description\":\"\",\"publisher\":{\"@id\":\"https:\/\/gruyere-habits.ch\/#organization\"},\"potentialAction\":[{\"@type\":\"SearchAction\",\"target\":{\"@type\":\"EntryPoint\",\"urlTemplate\":\"https:\/\/gruyere-habits.ch\/?s={search_term_string}\"},\"query-input\":{\"@type\":\"PropertyValueSpecification\",\"valueRequired\":true,\"valueName\":\"search_term_string\"}}],\"inLanguage\":\"de-CH\"},{\"@type\":\"Organization\",\"@id\":\"https:\/\/gruyere-habits.ch\/#organization\",\"name\":\"Gruy\u00e8re Shop Textile\",\"url\":\"https:\/\/gruyere-habits.ch\/\",\"logo\":{\"@type\":\"ImageObject\",\"inLanguage\":\"de-CH\",\"@id\":\"https:\/\/gruyere-habits.ch\/#\/schema\/logo\/image\/\",\"url\":\"https:\/\/gruyere-habits.ch\/wp-content\/uploads\/2025\/01\/logo.png\",\"contentUrl\":\"https:\/\/gruyere-habits.ch\/wp-content\/uploads\/2025\/01\/logo.png\",\"width\":532,\"height\":180,\"caption\":\"Gruy\u00e8re Shop Textile\"},\"image\":{\"@id\":\"https:\/\/gruyere-habits.ch\/#\/schema\/logo\/image\/\"}}]}<\/script>\n<!-- \/ Yoast SEO plugin. -->","yoast_head_json":{"title":"Kuschelige Weste - Gruy\u00e8re Shop Textile","robots":{"index":"index","follow":"follow","max-snippet":"max-snippet:-1","max-image-preview":"max-image-preview:large","max-video-preview":"max-video-preview:-1"},"canonical":"https:\/\/gruyere-habits.ch\/de\/produkt\/daunenweste\/","og_locale":"de_DE","og_type":"article","og_title":"Gilet doudoune - Gruy\u00e8re Shop Textile","og_description":"Gilet doudoune unisexe avec le logo Le Gruy\u00e8re AOP , article fabriqu\u00e9 en Europe.","og_url":"https:\/\/gruyere-habits.ch\/de\/produkt\/daunenweste\/","og_site_name":"Gruy\u00e8re Shop Textile","article_modified_time":"2026-04-08T08:16:12+00:00","og_image":[{"width":1500,"height":1500,"url":"https:\/\/gruyere-habits.ch\/wp-content\/uploads\/2025\/09\/Texner-19317-2.jpg","type":"image\/jpeg"}],"twitter_card":"summary_large_image","twitter_misc":{"Gesch\u00e4tzte Lesezeit":"1\u00a0Minute"},"schema":{"@context":"https:\/\/schema.org","@graph":[{"@type":"WebPage","@id":"https:\/\/gruyere-habits.ch\/produit\/gilet-doudoune\/","url":"https:\/\/gruyere-habits.ch\/produit\/gilet-doudoune\/","name":"Kuschelige Weste - Gruy\u00e8re Shop Textile","isPartOf":{"@id":"https:\/\/gruyere-habits.ch\/#website"},"primaryImageOfPage":{"@id":"https:\/\/gruyere-habits.ch\/produit\/gilet-doudoune\/#primaryimage"},"image":{"@id":"https:\/\/gruyere-habits.ch\/produit\/gilet-doudoune\/#primaryimage"},"thumbnailUrl":"https:\/\/gruyere-habits.ch\/wp-content\/uploads\/2025\/09\/Texner-19317-2.jpg","datePublished":"2025-09-18T10:37:05+00:00","dateModified":"2026-04-08T08:16:12+00:00","breadcrumb":{"@id":"https:\/\/gruyere-habits.ch\/produit\/gilet-doudoune\/#breadcrumb"},"inLanguage":"de-CH","potentialAction":[{"@type":"ReadAction","target":["https:\/\/gruyere-habits.ch\/produit\/gilet-doudoune\/"]}]},{"@type":"ImageObject","inLanguage":"de-CH","@id":"https:\/\/gruyere-habits.ch\/produit\/gilet-doudoune\/#primaryimage","url":"https:\/\/gruyere-habits.ch\/wp-content\/uploads\/2025\/09\/Texner-19317-2.jpg","contentUrl":"https:\/\/gruyere-habits.ch\/wp-content\/uploads\/2025\/09\/Texner-19317-2.jpg","width":1500,"height":1500},{"@type":"BreadcrumbList","@id":"https:\/\/gruyere-habits.ch\/produit\/gilet-doudoune\/#breadcrumb","itemListElement":[{"@type":"ListItem","position":1,"name":"Accueil","item":"https:\/\/gruyere-habits.ch\/"},{"@type":"ListItem","position":2,"name":"Boutique","item":"https:\/\/gruyere-habits.ch\/boutique\/"},{"@type":"ListItem","position":3,"name":"Gilet doudoune"}]},{"@type":"WebSite","@id":"https:\/\/gruyere-habits.ch\/#website","url":"https:\/\/gruyere-habits.ch\/","name":"Gruy\u00e8re Shop Textilien","description":"","publisher":{"@id":"https:\/\/gruyere-habits.ch\/#organization"},"potentialAction":[{"@type":"SearchAction","target":{"@type":"EntryPoint","urlTemplate":"https:\/\/gruyere-habits.ch\/?s={search_term_string}"},"query-input":{"@type":"PropertyValueSpecification","valueRequired":true,"valueName":"search_term_string"}}],"inLanguage":"de-CH"},{"@type":"Organization","@id":"https:\/\/gruyere-habits.ch\/#organization","name":"Gruy\u00e8re Shop Textilien","url":"https:\/\/gruyere-habits.ch\/","logo":{"@type":"ImageObject","inLanguage":"de-CH","@id":"https:\/\/gruyere-habits.ch\/#\/schema\/logo\/image\/","url":"https:\/\/gruyere-habits.ch\/wp-content\/uploads\/2025\/01\/logo.png","contentUrl":"https:\/\/gruyere-habits.ch\/wp-content\/uploads\/2025\/01\/logo.png","width":532,"height":180,"caption":"Gruy\u00e8re Shop Textile"},"image":{"@id":"https:\/\/gruyere-habits.ch\/#\/schema\/logo\/image\/"}}]}},"_links":{"self":[{"href":"https:\/\/gruyere-habits.ch\/de\/wp-json\/wp\/v2\/product\/353","targetHints":{"allow":["GET"]}}],"collection":[{"href":"https:\/\/gruyere-habits.ch\/de\/wp-json\/wp\/v2\/product"}],"about":[{"href":"https:\/\/gruyere-habits.ch\/de\/wp-json\/wp\/v2\/types\/product"}],"replies":[{"embeddable":true,"href":"https:\/\/gruyere-habits.ch\/de\/wp-json\/wp\/v2\/comments?post=353"}],"wp:featuredmedia":[{"embeddable":true,"href":"https:\/\/gruyere-habits.ch\/de\/wp-json\/wp\/v2\/media\/963"}],"wp:attachment":[{"href":"https:\/\/gruyere-habits.ch\/de\/wp-json\/wp\/v2\/media?parent=353"}],"wp:term":[{"taxonomy":"product_brand","embeddable":true,"href":"https:\/\/gruyere-habits.ch\/de\/wp-json\/wp\/v2\/product_brand?post=353"},{"taxonomy":"product_cat","embeddable":true,"href":"https:\/\/gruyere-habits.ch\/de\/wp-json\/wp\/v2\/product_cat?post=353"},{"taxonomy":"product_tag","embeddable":true,"href":"https:\/\/gruyere-habits.ch\/de\/wp-json\/wp\/v2\/product_tag?post=353"}],"curies":[{"name":"wp","href":"https:\/\/api.w.org\/{rel}","templated":true}]}}