{"id":12,"date":"2025-01-14T10:55:25","date_gmt":"2025-01-14T10:55:25","guid":{"rendered":"https:\/\/gruyere-habits.ch\/mon-compte\/"},"modified":"2025-10-17T12:16:18","modified_gmt":"2025-10-17T12:16:18","slug":"mein-konto","status":"publish","type":"page","link":"https:\/\/gruyere-habits.ch\/de\/mein-konto\/","title":{"rendered":"Mein Konto"},"content":{"rendered":"<div data-elementor-type=\"wp-page\" data-elementor-id=\"12\" class=\"elementor elementor-12\" data-elementor-post-type=\"page\">\n\t\t\t\t<div class=\"elementor-element elementor-element-32e890c1 e-flex e-con-boxed e-con e-parent\" data-id=\"32e890c1\" data-element_type=\"container\" data-e-type=\"container\" data-settings=\"{&quot;background_background&quot;:&quot;classic&quot;}\">\n\t\t\t\t\t<div class=\"e-con-inner\">\n\t\t\t\t<div class=\"elementor-element elementor-element-e68e2cd e-my-account-tabs-vertical elementor-widget elementor-widget-woocommerce-my-account\" data-id=\"e68e2cd\" data-element_type=\"widget\" data-e-type=\"widget\" data-widget_type=\"woocommerce-my-account.default\">\n\t\t\t\t\t<div class=\"e-my-account-tab e-my-account-tab__\">\t\t\t<div class=\"woocommerce\"><\/div>\t\t<\/div>\n\t\t\t\t\t\t<\/div>\n\t\t\t\t<div class=\"elementor-element elementor-element-6d32c8d elementor-widget elementor-widget-button\" data-id=\"6d32c8d\" data-element_type=\"widget\" data-e-type=\"widget\" data-widget_type=\"button.default\">\n\t\t\t\t\t\t\t\t\t\t<a class=\"elementor-button elementor-button-link elementor-size-sm\" href=\"https:\/\/gruyere-habits.ch\/de\/kontoantrag\/\">\n\t\t\t\t\t\t<span class=\"elementor-button-content-wrapper\">\n\t\t\t\t\t\t\t\t\t<span class=\"elementor-button-text\">Kontoantrag<\/span>\n\t\t\t\t\t<\/span>\n\t\t\t\t\t<\/a>\n\t\t\t\t\t\t\t\t<\/div>\n\t\t\t\t\t<\/div>\n\t\t\t\t<\/div>\n\t\t\t\t<\/div>","protected":false},"excerpt":{"rendered":"<p>Dashboard Bestellungen Downloads Adressen Kontodetails Abmelden Hallo andreas (Sie sind nicht andreas? Abmelden) \u00dcber das Dashboard Ihres Kontos k\u00f6nnen Sie Ihre letzten Bestellungen einsehen, Ihre Liefer- und Rechnungsadressen verwalten sowie Ihr Passwort und Ihre Kontodetails \u00e4ndern. Antrag auf [...].<\/p>","protected":false},"author":1,"featured_media":0,"parent":0,"menu_order":0,"comment_status":"closed","ping_status":"closed","template":"elementor_header_footer","meta":{"footnotes":""},"class_list":["post-12","page","type-page","status-publish","hentry"],"yoast_head":"<!-- This site is optimized with the Yoast SEO plugin v26.9 - https:\/\/yoast.com\/product\/yoast-seo-wordpress\/ -->\n<title>Mon compte - Gruy\u00e8re Shop Textile<\/title>\n<meta name=\"robots\" content=\"index, follow, max-snippet:-1, max-image-preview:large, max-video-preview:-1\" \/>\n<link rel=\"canonical\" href=\"https:\/\/gruyere-habits.ch\/de\/mein-konto\/\" \/>\n<meta property=\"og:locale\" content=\"de_DE\" \/>\n<meta property=\"og:type\" content=\"article\" \/>\n<meta property=\"og:title\" content=\"Mon compte - Gruy\u00e8re Shop Textile\" \/>\n<meta property=\"og:description\" content=\"Tableau de bord Commandes T\u00e9l\u00e9chargements Adresses D\u00e9tails du compte D\u00e9connexion Bonjour andreas (vous n\u2019\u00eates pas andreas\u00a0? D\u00e9connexion) \u00c0 partir du tableau de bord de votre compte, vous pouvez visualiser vos commandes r\u00e9centes, g\u00e9rer vos adresses de livraison et de facturation ainsi que changer votre mot de passe et les d\u00e9tails de votre compte. Demande de [&hellip;]\" \/>\n<meta property=\"og:url\" content=\"https:\/\/gruyere-habits.ch\/de\/mein-konto\/\" \/>\n<meta property=\"og:site_name\" content=\"Gruy\u00e8re Shop Textile\" \/>\n<meta property=\"article:modified_time\" content=\"2025-10-17T12:16:18+00:00\" \/>\n<meta name=\"twitter:card\" content=\"summary_large_image\" \/>\n<script type=\"application\/ld+json\" class=\"yoast-schema-graph\">{\"@context\":\"https:\/\/schema.org\",\"@graph\":[{\"@type\":\"WebPage\",\"@id\":\"https:\/\/gruyere-habits.ch\/mon-compte\/\",\"url\":\"https:\/\/gruyere-habits.ch\/mon-compte\/\",\"name\":\"Mon compte - Gruy\u00e8re Shop Textile\",\"isPartOf\":{\"@id\":\"https:\/\/gruyere-habits.ch\/#website\"},\"datePublished\":\"2025-01-14T10:55:25+00:00\",\"dateModified\":\"2025-10-17T12:16:18+00:00\",\"breadcrumb\":{\"@id\":\"https:\/\/gruyere-habits.ch\/mon-compte\/#breadcrumb\"},\"inLanguage\":\"de-CH\",\"potentialAction\":[{\"@type\":\"ReadAction\",\"target\":[\"https:\/\/gruyere-habits.ch\/mon-compte\/\"]}]},{\"@type\":\"BreadcrumbList\",\"@id\":\"https:\/\/gruyere-habits.ch\/mon-compte\/#breadcrumb\",\"itemListElement\":[{\"@type\":\"ListItem\",\"position\":1,\"name\":\"Accueil\",\"item\":\"https:\/\/gruyere-habits.ch\/\"},{\"@type\":\"ListItem\",\"position\":2,\"name\":\"Mon compte\"}]},{\"@type\":\"WebSite\",\"@id\":\"https:\/\/gruyere-habits.ch\/#website\",\"url\":\"https:\/\/gruyere-habits.ch\/\",\"name\":\"Gruy\u00e8re Shop Textile\",\"description\":\"\",\"publisher\":{\"@id\":\"https:\/\/gruyere-habits.ch\/#organization\"},\"potentialAction\":[{\"@type\":\"SearchAction\",\"target\":{\"@type\":\"EntryPoint\",\"urlTemplate\":\"https:\/\/gruyere-habits.ch\/?s={search_term_string}\"},\"query-input\":{\"@type\":\"PropertyValueSpecification\",\"valueRequired\":true,\"valueName\":\"search_term_string\"}}],\"inLanguage\":\"de-CH\"},{\"@type\":\"Organization\",\"@id\":\"https:\/\/gruyere-habits.ch\/#organization\",\"name\":\"Gruy\u00e8re Shop Textile\",\"url\":\"https:\/\/gruyere-habits.ch\/\",\"logo\":{\"@type\":\"ImageObject\",\"inLanguage\":\"de-CH\",\"@id\":\"https:\/\/gruyere-habits.ch\/#\/schema\/logo\/image\/\",\"url\":\"https:\/\/gruyere-habits.ch\/wp-content\/uploads\/2025\/01\/logo.png\",\"contentUrl\":\"https:\/\/gruyere-habits.ch\/wp-content\/uploads\/2025\/01\/logo.png\",\"width\":532,\"height\":180,\"caption\":\"Gruy\u00e8re Shop Textile\"},\"image\":{\"@id\":\"https:\/\/gruyere-habits.ch\/#\/schema\/logo\/image\/\"}}]}<\/script>\n<!-- \/ Yoast SEO plugin. -->","yoast_head_json":{"title":"Mein Konto - Gruy\u00e8re Shop Textile","robots":{"index":"index","follow":"follow","max-snippet":"max-snippet:-1","max-image-preview":"max-image-preview:large","max-video-preview":"max-video-preview:-1"},"canonical":"https:\/\/gruyere-habits.ch\/de\/mein-konto\/","og_locale":"de_DE","og_type":"article","og_title":"Mon compte - Gruy\u00e8re Shop Textile","og_description":"Tableau de bord Commandes T\u00e9l\u00e9chargements Adresses D\u00e9tails du compte D\u00e9connexion Bonjour andreas (vous n\u2019\u00eates pas andreas\u00a0? D\u00e9connexion) \u00c0 partir du tableau de bord de votre compte, vous pouvez visualiser vos commandes r\u00e9centes, g\u00e9rer vos adresses de livraison et de facturation ainsi que changer votre mot de passe et les d\u00e9tails de votre compte. Demande de [&hellip;]","og_url":"https:\/\/gruyere-habits.ch\/de\/mein-konto\/","og_site_name":"Gruy\u00e8re Shop Textile","article_modified_time":"2025-10-17T12:16:18+00:00","twitter_card":"summary_large_image","schema":{"@context":"https:\/\/schema.org","@graph":[{"@type":"WebPage","@id":"https:\/\/gruyere-habits.ch\/mon-compte\/","url":"https:\/\/gruyere-habits.ch\/mon-compte\/","name":"Mein Konto - Gruy\u00e8re Shop Textile","isPartOf":{"@id":"https:\/\/gruyere-habits.ch\/#website"},"datePublished":"2025-01-14T10:55:25+00:00","dateModified":"2025-10-17T12:16:18+00:00","breadcrumb":{"@id":"https:\/\/gruyere-habits.ch\/mon-compte\/#breadcrumb"},"inLanguage":"de-CH","potentialAction":[{"@type":"ReadAction","target":["https:\/\/gruyere-habits.ch\/mon-compte\/"]}]},{"@type":"BreadcrumbList","@id":"https:\/\/gruyere-habits.ch\/mon-compte\/#breadcrumb","itemListElement":[{"@type":"ListItem","position":1,"name":"Accueil","item":"https:\/\/gruyere-habits.ch\/"},{"@type":"ListItem","position":2,"name":"Mon compte"}]},{"@type":"WebSite","@id":"https:\/\/gruyere-habits.ch\/#website","url":"https:\/\/gruyere-habits.ch\/","name":"Gruy\u00e8re Shop Textilien","description":"","publisher":{"@id":"https:\/\/gruyere-habits.ch\/#organization"},"potentialAction":[{"@type":"SearchAction","target":{"@type":"EntryPoint","urlTemplate":"https:\/\/gruyere-habits.ch\/?s={search_term_string}"},"query-input":{"@type":"PropertyValueSpecification","valueRequired":true,"valueName":"search_term_string"}}],"inLanguage":"de-CH"},{"@type":"Organization","@id":"https:\/\/gruyere-habits.ch\/#organization","name":"Gruy\u00e8re Shop Textilien","url":"https:\/\/gruyere-habits.ch\/","logo":{"@type":"ImageObject","inLanguage":"de-CH","@id":"https:\/\/gruyere-habits.ch\/#\/schema\/logo\/image\/","url":"https:\/\/gruyere-habits.ch\/wp-content\/uploads\/2025\/01\/logo.png","contentUrl":"https:\/\/gruyere-habits.ch\/wp-content\/uploads\/2025\/01\/logo.png","width":532,"height":180,"caption":"Gruy\u00e8re Shop Textile"},"image":{"@id":"https:\/\/gruyere-habits.ch\/#\/schema\/logo\/image\/"}}]}},"_links":{"self":[{"href":"https:\/\/gruyere-habits.ch\/de\/wp-json\/wp\/v2\/pages\/12","targetHints":{"allow":["GET"]}}],"collection":[{"href":"https:\/\/gruyere-habits.ch\/de\/wp-json\/wp\/v2\/pages"}],"about":[{"href":"https:\/\/gruyere-habits.ch\/de\/wp-json\/wp\/v2\/types\/page"}],"author":[{"embeddable":true,"href":"https:\/\/gruyere-habits.ch\/de\/wp-json\/wp\/v2\/users\/1"}],"replies":[{"embeddable":true,"href":"https:\/\/gruyere-habits.ch\/de\/wp-json\/wp\/v2\/comments?post=12"}],"version-history":[{"count":60,"href":"https:\/\/gruyere-habits.ch\/de\/wp-json\/wp\/v2\/pages\/12\/revisions"}],"predecessor-version":[{"id":690,"href":"https:\/\/gruyere-habits.ch\/de\/wp-json\/wp\/v2\/pages\/12\/revisions\/690"}],"wp:attachment":[{"href":"https:\/\/gruyere-habits.ch\/de\/wp-json\/wp\/v2\/media?parent=12"}],"curies":[{"name":"wp","href":"https:\/\/api.w.org\/{rel}","templated":true}]}}